{"id":21,"date":"2014-05-03T11:51:20","date_gmt":"2014-05-03T10:51:20","guid":{"rendered":"http:\/\/erikcarnets.fr\/\/?page_id=21"},"modified":"2014-07-13T13:35:41","modified_gmt":"2014-07-13T11:35:41","slug":"a-propos","status":"publish","type":"page","link":"https:\/\/erikcarnets.fr\/?page_id=21","title":{"rendered":"A propos&#8230;"},"content":{"rendered":"<p style=\"text-align: justify;\"><em>Ce blog a \u00e9t\u00e9 commenc\u00e9 dans les tous premiers jours de mai 2014&#8230; Aussi, tous les articles dont la date est ant\u00e9rieure sont des anciens articles republi\u00e9s ici&#8230;. et dans un premier temps, il risque d&rsquo;y avoir beaucoup d&rsquo;anciens articles publi\u00e9s!<\/em><\/p>\n<h2 style=\"text-align: justify;\">Pourquoi ce blog?<\/h2>\n<p style=\"text-align: justify;\">Sur le principe, je ne suis pas un grand fan des blogs, ou du moins pour ma consommation personnelle&#8230; Parce que \u00e0 priori le blog ne favorise pas vraiment le dialogue avec les gens et question musique ou toutes autres choses je pr\u00e9f\u00e8re parler et \u00e9changer avec d&rsquo;autres personnes plut\u00f4t qu&rsquo;afficher mon avis de fa\u00e7on un peu d\u00e9finitive.<\/p>\n<p style=\"text-align: justify;\">Mais&#8230;<\/p>\n<p style=\"text-align: justify;\">Depuis quelques ann\u00e9es, j&rsquo;ai le plaisir de pouvoir \u00e9crire des comptes-rendus de disques ou de concerts qui \u00e9taient publi\u00e9s sur un site Internet. Je recevais les disques ou des invitations pour ensuite en rendre compte. C&rsquo;\u00e9tait un vrai plaisir, permettant des d\u00e9couvertes souvent ou des changements d&rsquo;avis. Et puis essayer d&rsquo;avoir un avis clair et le plus objectif possible \u00e9tait un exercice assez chouette. Certains spectacles vus de mon propre chef me donnaient envie d&rsquo;en faire une pr\u00e9sentation assez compl\u00e8te et carr\u00e9e, en fait sous le m\u00eame format que celui du site de critiques.<\/p>\n<p style=\"text-align: justify;\">Et puis \u00e7a peut aussi permettre de parler peut-\u00eatre d&rsquo;autres sujets.<\/p>\n<h2 style=\"text-align: justify;\">Et ce titre?<\/h2>\n<p style=\"text-align: justify;\">Pourquoi Erik bien s\u00fbr? Erik, c&rsquo;est le <em>Fant\u00f4me de l&rsquo;Op\u00e9ra<\/em> dans le roman de Gaston Leroux. Et ce livre est celui qui m&rsquo;a le plus marqu\u00e9 depuis bien des ann\u00e9es. Lu et relu il m&rsquo;a passionn\u00e9 par son ambiance gothique, son cadre de l&rsquo;Op\u00e9ra Garnier et sa narration tr\u00e9pidante.<\/p>\n<p style=\"text-align: justify;\">D&rsquo;o\u00f9 la pr\u00e9sence d&rsquo;Erik en haut \u00e0 droite de la banni\u00e8re! Il est accompagn\u00e9 de <em>Blake et Mortimer<\/em>, personnages des bandes dessin\u00e9es de Edgar P. Jacobs&#8230; qui a \u00e9t\u00e9 baryton avant de percer dans son domaine. On reste donc dans le m\u00eame domaine et l\u00e0 encore, ces bandes-dessin\u00e9es m&rsquo;ont form\u00e9 \u00e0 la lecture notamment par <em>Le Myst\u00e8re de la Grande Pyramide <\/em>qui explorait l&rsquo;Egypte ancienne qui m&rsquo;a toujours int\u00e9ress\u00e9&#8230; Et enfin \u00e0 gauche, celui par qui tout \u00e0 commenc\u00e9&#8230; Charles Gounod&#8230;<\/p>\n<h2 style=\"text-align: justify;\">Excuses d&rsquo;avances!<\/h2>\n<p style=\"text-align: justify;\">M\u00eame en me relisant, je sais bien que les fautes d&rsquo;orthographe et de grammaire devraient rester dans les diff\u00e9rents articles et je m&rsquo;en excuse par avance.<\/p>\n<p style=\"text-align: justify;\">Bonne lecture!<\/p>\n","protected":false},"excerpt":{"rendered":"<p>Ce blog a \u00e9t\u00e9 commenc\u00e9 dans les tous premiers jours de mai 2014&#8230; Aussi, tous les articles dont la date est ant\u00e9rieure sont des anciens articles republi\u00e9s ici&#8230;. et dans [&hellip;]<\/p>\n","protected":false},"author":1,"featured_media":0,"parent":0,"menu_order":10,"comment_status":"closed","ping_status":"closed","template":"","meta":{"jetpack_post_was_ever_published":false,"footnotes":""},"class_list":["post-21","page","type-page","status-publish","hentry","clearfix"],"jetpack_shortlink":"https:\/\/wp.me\/P4G2uP-l","jetpack_sharing_enabled":true,"_links":{"self":[{"href":"https:\/\/erikcarnets.fr\/index.php?rest_route=\/wp\/v2\/pages\/21","targetHints":{"allow":["GET"]}}],"collection":[{"href":"https:\/\/erikcarnets.fr\/index.php?rest_route=\/wp\/v2\/pages"}],"about":[{"href":"https:\/\/erikcarnets.fr\/index.php?rest_route=\/wp\/v2\/types\/page"}],"author":[{"embeddable":true,"href":"https:\/\/erikcarnets.fr\/index.php?rest_route=\/wp\/v2\/users\/1"}],"replies":[{"embeddable":true,"href":"https:\/\/erikcarnets.fr\/index.php?rest_route=%2Fwp%2Fv2%2Fcomments&post=21"}],"version-history":[{"count":7,"href":"https:\/\/erikcarnets.fr\/index.php?rest_route=\/wp\/v2\/pages\/21\/revisions"}],"predecessor-version":[{"id":249,"href":"https:\/\/erikcarnets.fr\/index.php?rest_route=\/wp\/v2\/pages\/21\/revisions\/249"}],"wp:attachment":[{"href":"https:\/\/erikcarnets.fr\/index.php?rest_route=%2Fwp%2Fv2%2Fmedia&parent=21"}],"curies":[{"name":"wp","href":"https:\/\/api.w.org\/{rel}","templated":true}]}}